{"id":203,"date":"2024-11-19T18:17:46","date_gmt":"2024-11-19T18:17:46","guid":{"rendered":"https:\/\/biosonic.com.tr\/?page_id=203"},"modified":"2026-03-16T15:47:55","modified_gmt":"2026-03-16T15:47:55","slug":"mlp","status":"publish","type":"page","link":"https:\/\/biosonic.com.tr\/en\/mlp\/","title":{"rendered":"MLP"},"content":{"rendered":"<p>[et_pb_section fb_built=&#8221;1&#8243; _builder_version=&#8221;4.17.4&#8243; _module_preset=&#8221;default&#8221; global_colors_info=&#8221;{}&#8221;][et_pb_row _builder_version=&#8221;4.17.4&#8243; _module_preset=&#8221;default&#8221; global_colors_info=&#8221;{}&#8221;][et_pb_column type=&#8221;4_4&#8243; _builder_version=&#8221;4.17.4&#8243; _module_preset=&#8221;default&#8221; global_colors_info=&#8221;{}&#8221;][et_pb_text _builder_version=&#8221;4.17.4&#8243; _module_preset=&#8221;default&#8221; custom_padding=&#8221;0px|||||&#8221; global_colors_info=&#8221;{}&#8221;]<\/p>\n<ul>\n<li><span style=\"color: #800000;\"><strong>Vm Medical Park Samsun<\/strong><\/span><\/li>\n<li><span style=\"color: #800000;\"><strong>Vm Medical Park Florya<\/strong><\/span><\/li>\n<li><span style=\"color: #800000;\"><strong>Vm Medical Park Maltepe<\/strong><\/span><\/li>\n<li><span style=\"color: #800000;\"><strong>Vm Medical Park Ke\u00e7i\u00f6ren Hastanesi<\/strong><\/span><\/li>\n<li><span style=\"color: #800000;\"><strong>Vm Medical Park Kocaeli Hastanesi<\/strong><\/span><\/li>\n<li><span style=\"color: #800000;\"><strong>Vm Medical Park Gebze Hastanesi<\/strong><\/span><span style=\"color: #800000;\"><strong><\/strong><\/span><span style=\"color: #800000;\"><strong><\/strong><\/span><\/li>\n<li><span style=\"color: #800000;\"><strong>Vm Medical Park Bursa Hastanesi <br \/><\/strong><\/span><\/li>\n<li><span style=\"color: #800000;\"><strong>Vm Medical Park Antalya Hastanesi<\/strong><\/span><span style=\"color: #800000;\"><strong><\/strong><\/span><\/li>\n<\/ul>\n<ul>\n<li><span style=\"color: #ff0000;\"><strong>Medical Park Ankara<\/strong><\/span><\/li>\n<li><span style=\"color: #ff0000;\"><strong>Medical Park Ata\u015fehir<\/strong><\/span><\/li>\n<li><span style=\"color: #ff0000;\"><strong>Medical Park Bah\u00e7elievler<\/strong><\/span><\/li>\n<li><span style=\"color: #ff0000;\"><strong>Medical Park G\u00f6ztepe <\/strong><\/span><\/li>\n<li><span style=\"color: #ff0000;\"><strong>Medical Park \u0130stinye<br \/><\/strong><\/span><\/li>\n<li><span style=\"color: #ff0000;\"><strong>Medical Park Seyhan<\/strong><\/span><\/li>\n<li><span style=\"color: #ff0000;\"><strong>Medical Park Tem<br \/><\/strong><\/span><\/li>\n<li><span style=\"color: #ff0000;\"><strong>Medical Park Onkoloji<br \/><\/strong><\/span><\/li>\n<\/ul>\n<ul>\n<li><span style=\"color: #3366ff;\"><strong>Liv Hospital Ankara<\/strong><\/span><\/li>\n<li><span style=\"color: #3366ff;\"><strong>Liv Hospital \u0130stinye\u00a0<\/strong><\/span><span style=\"color: #3366ff;\"><strong><\/strong><\/span><\/li>\n<li><span style=\"color: #3366ff;\"><strong>Liv Samsun<\/strong><\/span><\/li>\n<\/ul>\n<p>[\/et_pb_text][\/et_pb_column][\/et_pb_row][\/et_pb_section]<\/p>\n","protected":false},"excerpt":{"rendered":"<p>Vm Medical Park Samsun Vm Medical Park Florya Vm Medical Park Maltepe Vm Medical Park Ke\u00e7i\u00f6ren Hastanesi Vm Medical Park Kocaeli Hastanesi Vm Medical Park Gebze Hastanesi Vm Medical Park Bursa Hastanesi Vm Medical Park Antalya Hastanesi Medical Park Ankara Medical Park Ata\u015fehir Medical Park Bah\u00e7elievler Medical Park G\u00f6ztepe Medical Park \u0130stinye Medical Park Seyhan [&hellip;]<\/p>\n","protected":false},"author":1,"featured_media":0,"parent":0,"menu_order":0,"comment_status":"closed","ping_status":"closed","template":"","meta":{"_et_pb_use_builder":"on","_et_pb_old_content":"","_et_gb_content_width":"","footnotes":""},"class_list":["post-203","page","type-page","status-publish","hentry"],"_links":{"self":[{"href":"https:\/\/biosonic.com.tr\/en\/wp-json\/wp\/v2\/pages\/203","targetHints":{"allow":["GET"]}}],"collection":[{"href":"https:\/\/biosonic.com.tr\/en\/wp-json\/wp\/v2\/pages"}],"about":[{"href":"https:\/\/biosonic.com.tr\/en\/wp-json\/wp\/v2\/types\/page"}],"author":[{"embeddable":true,"href":"https:\/\/biosonic.com.tr\/en\/wp-json\/wp\/v2\/users\/1"}],"replies":[{"embeddable":true,"href":"https:\/\/biosonic.com.tr\/en\/wp-json\/wp\/v2\/comments?post=203"}],"version-history":[{"count":14,"href":"https:\/\/biosonic.com.tr\/en\/wp-json\/wp\/v2\/pages\/203\/revisions"}],"predecessor-version":[{"id":927,"href":"https:\/\/biosonic.com.tr\/en\/wp-json\/wp\/v2\/pages\/203\/revisions\/927"}],"wp:attachment":[{"href":"https:\/\/biosonic.com.tr\/en\/wp-json\/wp\/v2\/media?parent=203"}],"curies":[{"name":"wp","href":"https:\/\/api.w.org\/{rel}","templated":true}]}}