{"id":31,"date":"2023-11-22T10:55:38","date_gmt":"2023-11-22T10:55:38","guid":{"rendered":"http:\/\/biosonic.com.tr\/?page_id=31"},"modified":"2025-12-23T20:02:55","modified_gmt":"2025-12-23T20:02:55","slug":"ana-sayfa-2","status":"publish","type":"page","link":"https:\/\/biosonic.com.tr\/en\/","title":{"rendered":"Home Page"},"content":{"rendered":"<p>[et_pb_section fb_built=&#8221;1&#8243; fullwidth=&#8221;on&#8221; _builder_version=&#8221;4.17.4&#8243; _module_preset=&#8221;default&#8221; global_colors_info=&#8221;{}&#8221;][et_pb_fullwidth_slider _builder_version=&#8221;4.17.4&#8243; _module_preset=&#8221;default&#8221; min_height=&#8221;700px&#8221; hover_enabled=&#8221;0&#8243; global_colors_info=&#8221;{}&#8221; sticky_enabled=&#8221;0&#8243;][et_pb_slide heading=&#8221;CP ULTRASOUND PAPER &#038; SONY UPP-110s-110Hg&#8221; use_bg_overlay=&#8221;off&#8221; use_text_overlay=&#8221;off&#8221; _builder_version=&#8221;4.17.4&#8243; _module_preset=&#8221;default&#8221; header_font=&#8221;Roboto Condensed|700|||||||&#8221; header_font_size=&#8221;25px&#8221; body_font=&#8221;Roboto Condensed||||||||&#8221; body_font_size=&#8221;17px&#8221; background_enable_color=&#8221;off&#8221; background_image=&#8221;https:\/\/biosonic.com.tr\/wp-content\/uploads\/2025\/10\/section-2.jpg&#8221; background_enable_image=&#8221;on&#8221; text_orientation=&#8221;left&#8221; custom_padding=&#8221;||||false|false&#8221; hover_enabled=&#8221;0&#8243; header_font_size_tablet=&#8221;25px&#8221; header_font_size_phone=&#8221;17px&#8221; header_font_size_last_edited=&#8221;on|phone&#8221; body_font_size_tablet=&#8221;&#8221; body_font_size_phone=&#8221;12px&#8221; body_font_size_last_edited=&#8221;on|phone&#8221; background_last_edited=&#8221;on|phone&#8221; background_size_phone=&#8221;contain&#8221; global_colors_info=&#8221;{}&#8221; sticky_transition=&#8221;on&#8221; background_layout=&#8221;light&#8221; sticky_enabled=&#8221;0&#8243;]<\/p>\n<p>Y\u00fcksek kaliteli ultrason ka\u011f\u0131d\u0131yla profesyonelli\u011fi yakalay\u0131n!<\/p>\n<p><img loading=\"lazy\" decoding=\"async\" src=\"https:\/\/biosonic.com.tr\/wp-content\/uploads\/2024\/05\/24170429.jpeg\" width=\"108\" height=\"45\" alt=\"\" class=\"wp-image-183 alignnone size-full\" \/><\/p>\n<p>[\/et_pb_slide][et_pb_slide heading=&#8221;B\u0130YOPS\u0130 \u0130\u011eNE KILAVUZLARI&#8221; button_link=&#8221;https:\/\/biosonic.com.tr\/biyopsi-igne-kilavuzlari\/&#8221; use_bg_overlay=&#8221;off&#8221; use_text_overlay=&#8221;off&#8221; _builder_version=&#8221;4.17.4&#8243; _module_preset=&#8221;default&#8221; header_font=&#8221;Roboto Condensed|700|||||||&#8221; header_font_size=&#8221;25px&#8221; body_font=&#8221;Roboto Condensed||||||||&#8221; body_font_size=&#8221;17px&#8221; background_enable_color=&#8221;off&#8221; background_image=&#8221;https:\/\/biosonic.com.tr\/wp-content\/uploads\/2025\/10\/biyopsi.jpg&#8221; background_enable_image=&#8221;on&#8221; text_orientation=&#8221;left&#8221; custom_padding=&#8221;|0px||100px|false|false&#8221; custom_padding_tablet=&#8221;|0px||100px|false|false&#8221; custom_padding_phone=&#8221;|||0px|false|false&#8221; custom_padding_last_edited=&#8221;on|phone&#8221; hover_enabled=&#8221;0&#8243; header_font_size_tablet=&#8221;25px&#8221; header_font_size_phone=&#8221;17px&#8221; header_font_size_last_edited=&#8221;on|phone&#8221; body_font_size_tablet=&#8221;&#8221; body_font_size_phone=&#8221;11px&#8221; body_font_size_last_edited=&#8221;on|phone&#8221; background_last_edited=&#8221;on|phone&#8221; background_size_phone=&#8221;contain&#8221; global_colors_info=&#8221;{}&#8221; sticky_transition=&#8221;on&#8221; background_layout=&#8221;light&#8221; sticky_enabled=&#8221;0&#8243;]<\/p>\n<p>Yeniden kullan\u0131labilir biyopsi i\u011fne k\u0131lavuzlar\u0131<br \/>Tek kullan\u0131ml\u0131k biyopsi i\u011fne k\u0131lavuzlar\u0131, Haz\u0131r kitler<\/p>\n<p>[\/et_pb_slide][et_pb_slide heading=&#8221;DR. SCHUMACHER CLEANISEPT WIPES &#038; KONIX ULTRASOUND GEL&#8221; use_bg_overlay=&#8221;off&#8221; use_text_overlay=&#8221;off&#8221; _builder_version=&#8221;4.17.4&#8243; _module_preset=&#8221;default&#8221; header_font=&#8221;Roboto Condensed|700|||||||&#8221; header_font_size=&#8221;25px&#8221; body_font=&#8221;Roboto Condensed||||||||&#8221; body_font_size=&#8221;17px&#8221; background_enable_color=&#8221;off&#8221; background_image=&#8221;https:\/\/biosonic.com.tr\/wp-content\/uploads\/2025\/10\/shutterstock_2240910177.jpg&#8221; background_enable_image=&#8221;on&#8221; text_orientation=&#8221;right&#8221; custom_padding=&#8221;|0px||100px|false|false&#8221; custom_padding_tablet=&#8221;|0px||100px|false|false&#8221; custom_padding_phone=&#8221;|||0px|false|false&#8221; custom_padding_last_edited=&#8221;on|phone&#8221; header_font_size_tablet=&#8221;25px&#8221; header_font_size_phone=&#8221;17px&#8221; header_font_size_last_edited=&#8221;on|phone&#8221; body_font_size_tablet=&#8221;&#8221; body_font_size_phone=&#8221;11px&#8221; body_font_size_last_edited=&#8221;on|phone&#8221; background_last_edited=&#8221;on|phone&#8221; background_size_phone=&#8221;contain&#8221; header_text_shadow_style=&#8221;preset1&#8243; body_text_shadow_style=&#8221;preset1&#8243; global_colors_info=&#8221;{}&#8221; sticky_transition=&#8221;on&#8221;]<\/p>\n<p>Ultrason problar\u0131n\u0131n dezenfeksiyonu i\u00e7in kullan\u0131lan CLEANISEPT WIPES,<br \/>t\u0131bbi cihazlar\u0131n ve t\u0131bb\u0131 ekipmanlar\u0131n h\u0131zl\u0131 dezenfeksiyonunda ve temizli\u011finde kullan\u0131lmak i\u00e7in geli\u015ftirilmi\u015f,<br \/>alkols\u00fcz, kullan\u0131ma haz\u0131r dezenfeksiyon mendilleridir.<\/p>\n<p>[\/et_pb_slide][\/et_pb_fullwidth_slider][\/et_pb_section]<\/p>\n","protected":false},"excerpt":{"rendered":"<p>Y\u00fcksek kaliteli ultrason ka\u011f\u0131d\u0131yla profesyonelli\u011fi yakalay\u0131n! Yeniden kullan\u0131labilir biyopsi i\u011fne k\u0131lavuzlar\u0131Tek kullan\u0131ml\u0131k biyopsi i\u011fne k\u0131lavuzlar\u0131, Haz\u0131r kitlerUltrason problar\u0131n\u0131n dezenfeksiyonu i\u00e7in kullan\u0131lan CLEANISEPT WIPES,t\u0131bbi cihazlar\u0131n ve t\u0131bb\u0131 ekipmanlar\u0131n h\u0131zl\u0131 dezenfeksiyonunda ve temizli\u011finde kullan\u0131lmak i\u00e7in geli\u015ftirilmi\u015f,alkols\u00fcz, kullan\u0131ma haz\u0131r dezenfeksiyon mendilleridir.<\/p>","protected":false},"author":1,"featured_media":0,"parent":0,"menu_order":0,"comment_status":"closed","ping_status":"closed","template":"","meta":{"_et_pb_use_builder":"on","_et_pb_old_content":"","_et_gb_content_width":"","footnotes":""},"class_list":["post-31","page","type-page","status-publish","hentry"],"_links":{"self":[{"href":"https:\/\/biosonic.com.tr\/en\/wp-json\/wp\/v2\/pages\/31","targetHints":{"allow":["GET"]}}],"collection":[{"href":"https:\/\/biosonic.com.tr\/en\/wp-json\/wp\/v2\/pages"}],"about":[{"href":"https:\/\/biosonic.com.tr\/en\/wp-json\/wp\/v2\/types\/page"}],"author":[{"embeddable":true,"href":"https:\/\/biosonic.com.tr\/en\/wp-json\/wp\/v2\/users\/1"}],"replies":[{"embeddable":true,"href":"https:\/\/biosonic.com.tr\/en\/wp-json\/wp\/v2\/comments?post=31"}],"version-history":[{"count":29,"href":"https:\/\/biosonic.com.tr\/en\/wp-json\/wp\/v2\/pages\/31\/revisions"}],"predecessor-version":[{"id":904,"href":"https:\/\/biosonic.com.tr\/en\/wp-json\/wp\/v2\/pages\/31\/revisions\/904"}],"wp:attachment":[{"href":"https:\/\/biosonic.com.tr\/en\/wp-json\/wp\/v2\/media?parent=31"}],"curies":[{"name":"wp","href":"https:\/\/api.w.org\/{rel}","templated":true}]}}